{"id":120,"date":"2022-08-13T16:02:11","date_gmt":"2022-08-13T14:02:11","guid":{"rendered":"https:\/\/fermedes4chemins.be\/?page_id=120"},"modified":"2022-08-13T18:00:37","modified_gmt":"2022-08-13T16:00:37","slug":"philosophie-delevage","status":"publish","type":"page","link":"https:\/\/fermedes4chemins.be\/?page_id=120","title":{"rendered":"Philosophie d&rsquo;\u00e9levage ."},"content":{"rendered":"\n<p><\/p>\n\n\n\n<div class=\"wp-block-media-text alignwide is-stacked-on-mobile\" style=\"grid-template-columns:28% auto\"><figure class=\"wp-block-media-text__media\"><img loading=\"lazy\" decoding=\"async\" width=\"768\" height=\"1024\" src=\"https:\/\/fermedes4chemins.be\/wp-content\/uploads\/2022\/08\/PB030835-768x1024.jpg\" alt=\"\" class=\"wp-image-121 size-full\" srcset=\"https:\/\/fermedes4chemins.be\/wp-content\/uploads\/2022\/08\/PB030835-768x1024.jpg 768w, https:\/\/fermedes4chemins.be\/wp-content\/uploads\/2022\/08\/PB030835-225x300.jpg 225w, https:\/\/fermedes4chemins.be\/wp-content\/uploads\/2022\/08\/PB030835-1152x1536.jpg 1152w, https:\/\/fermedes4chemins.be\/wp-content\/uploads\/2022\/08\/PB030835-1536x2048.jpg 1536w, https:\/\/fermedes4chemins.be\/wp-content\/uploads\/2022\/08\/PB030835-1160x1547.jpg 1160w, https:\/\/fermedes4chemins.be\/wp-content\/uploads\/2022\/08\/PB030835-scaled.jpg 1920w\" sizes=\"auto, (max-width: 768px) 100vw, 768px\" \/><\/figure><div class=\"wp-block-media-text__content\">\n<p>Cette philosophie refl\u00e8te un choix qui s\u2019ancre dans la logique d\u2019une agriculture <strong>durable <\/strong>et <strong>responsable<\/strong>.<br>L\u2019\u00e9levage est extensif.<br>La vision est tourn\u00e9e vers l\u2019avenir.<br>La production sur l\u2019exploitation fournit des aliments de qualit\u00e9 pour le b\u00e9tail et donc une alimentation de qualit\u00e9 pour le consommateur.<\/p>\n<\/div><\/div>\n\n\n\n<div class=\"wp-block-media-text alignwide has-media-on-the-right is-stacked-on-mobile\"><figure class=\"wp-block-media-text__media\"><img loading=\"lazy\" decoding=\"async\" width=\"1024\" height=\"768\" src=\"https:\/\/fermedes4chemins.be\/wp-content\/uploads\/2022\/08\/PB050849-1024x768.jpg\" alt=\"\" class=\"wp-image-122 size-full\" srcset=\"https:\/\/fermedes4chemins.be\/wp-content\/uploads\/2022\/08\/PB050849-1024x768.jpg 1024w, https:\/\/fermedes4chemins.be\/wp-content\/uploads\/2022\/08\/PB050849-300x225.jpg 300w, https:\/\/fermedes4chemins.be\/wp-content\/uploads\/2022\/08\/PB050849-768x576.jpg 768w, https:\/\/fermedes4chemins.be\/wp-content\/uploads\/2022\/08\/PB050849-1536x1152.jpg 1536w, https:\/\/fermedes4chemins.be\/wp-content\/uploads\/2022\/08\/PB050849-2048x1536.jpg 2048w, https:\/\/fermedes4chemins.be\/wp-content\/uploads\/2022\/08\/PB050849-1160x870.jpg 1160w\" sizes=\"auto, (max-width: 1024px) 100vw, 1024px\" \/><\/figure><div class=\"wp-block-media-text__content\">\n<p>Nous rentrons ainsi dans un sch\u00e9ma tourn\u00e9 vers <strong>l\u2019\u00e9conomie circulaire<\/strong>. Avec le soutien du Parc Naturel des Hauts Pays, un int\u00e9r\u00eat tout particulier est pr\u00eat\u00e9 \u00e0 la <strong>biodiversit\u00e9<\/strong>. La reconstitution de <strong>haies<\/strong> vari\u00e9es permet \u00e0 la petite faune de trouver des refuges et au b\u00e9tail de b\u00e9n\u00e9ficier de conditions optimales face \u00e0 l\u2019\u00e9volution du climat. <\/p>\n<\/div><\/div>\n\n\n\n<div class=\"wp-block-media-text alignwide is-stacked-on-mobile\"><figure class=\"wp-block-media-text__media\"><img loading=\"lazy\" decoding=\"async\" width=\"1024\" height=\"768\" src=\"https:\/\/fermedes4chemins.be\/wp-content\/uploads\/2022\/08\/PB050846-1024x768.jpg\" alt=\"\" class=\"wp-image-123 size-full\" srcset=\"https:\/\/fermedes4chemins.be\/wp-content\/uploads\/2022\/08\/PB050846-1024x768.jpg 1024w, https:\/\/fermedes4chemins.be\/wp-content\/uploads\/2022\/08\/PB050846-300x225.jpg 300w, https:\/\/fermedes4chemins.be\/wp-content\/uploads\/2022\/08\/PB050846-768x576.jpg 768w, https:\/\/fermedes4chemins.be\/wp-content\/uploads\/2022\/08\/PB050846-1536x1152.jpg 1536w, https:\/\/fermedes4chemins.be\/wp-content\/uploads\/2022\/08\/PB050846-2048x1536.jpg 2048w, https:\/\/fermedes4chemins.be\/wp-content\/uploads\/2022\/08\/PB050846-1160x870.jpg 1160w\" sizes=\"auto, (max-width: 1024px) 100vw, 1024px\" \/><\/figure><div class=\"wp-block-media-text__content\">\n<p>L\u2019agriculteur est aussi un gestionnaire de l\u2019environnement. La plantation d\u2019arbres d\u2019essences locales telles les<strong> saules t\u00eatards <\/strong>va dans ce sens et restructure les paysages en \u00e9vitant des \u00e9tendues de monoculture. C\u2019est aussi un bon moyen de retenir les eaux et de lutter ainsi contre les ph\u00e9nom\u00e8nes <strong>d\u2019inondation<\/strong>. Pour une gestion sur le long terme, d\u2019autres vari\u00e9t\u00e9s \u00e0 croissance plus lente<br>comme les merisiers, alisiers et ch\u00eanes destin\u00e9es \u00e0 la production de bois sont aussi pr\u00e9sentes.<\/p>\n<\/div><\/div>\n","protected":false},"excerpt":{"rendered":"<p>Cette philosophie refl\u00e8te un choix qui s\u2019ancre dans la logique d\u2019une agriculture durable et responsable.L\u2019\u00e9levage est extensif.La vision est tourn\u00e9e vers l\u2019avenir.La production sur l\u2019exploitation fournit des aliments de qualit\u00e9 pour le b\u00e9tail et donc une alimentation de qualit\u00e9 pour le consommateur. Nous rentrons ainsi dans un sch\u00e9ma tourn\u00e9 vers l\u2019\u00e9conomie circulaire. Avec le soutien du Parc Naturel des Hauts Pays, un int\u00e9r\u00eat tout particulier est pr\u00eat\u00e9 \u00e0 la biodiversit\u00e9. La reconstitution de haies vari\u00e9es permet \u00e0 la petite faune de trouver des refuges et au b\u00e9tail de b\u00e9n\u00e9ficier de conditions optimales face \u00e0 l\u2019\u00e9volution du climat. L\u2019agriculteur est aussi un gestionnaire de l\u2019environnement. La plantation d\u2019arbres d\u2019essences locales telles les saules t\u00eatards va dans ce sens et restructure les paysages en \u00e9vitant des \u00e9tendues de monoculture. C\u2019est aussi un bon moyen de retenir les eaux et de lutter ainsi contre les ph\u00e9nom\u00e8nes d\u2019inondation. Pour une gestion sur le long terme, d\u2019autres vari\u00e9t\u00e9s \u00e0 croissance plus lentecomme les merisiers, alisiers et ch\u00eanes destin\u00e9es \u00e0 la production de bois sont aussi pr\u00e9sentes.<\/p>\n","protected":false},"author":1,"featured_media":0,"parent":0,"menu_order":0,"comment_status":"closed","ping_status":"closed","template":"","meta":{"footnotes":""},"class_list":["post-120","page","type-page","status-publish","hentry"],"acf":[],"_links":{"self":[{"href":"https:\/\/fermedes4chemins.be\/index.php?rest_route=\/wp\/v2\/pages\/120","targetHints":{"allow":["GET"]}}],"collection":[{"href":"https:\/\/fermedes4chemins.be\/index.php?rest_route=\/wp\/v2\/pages"}],"about":[{"href":"https:\/\/fermedes4chemins.be\/index.php?rest_route=\/wp\/v2\/types\/page"}],"author":[{"embeddable":true,"href":"https:\/\/fermedes4chemins.be\/index.php?rest_route=\/wp\/v2\/users\/1"}],"replies":[{"embeddable":true,"href":"https:\/\/fermedes4chemins.be\/index.php?rest_route=%2Fwp%2Fv2%2Fcomments&post=120"}],"version-history":[{"count":4,"href":"https:\/\/fermedes4chemins.be\/index.php?rest_route=\/wp\/v2\/pages\/120\/revisions"}],"predecessor-version":[{"id":188,"href":"https:\/\/fermedes4chemins.be\/index.php?rest_route=\/wp\/v2\/pages\/120\/revisions\/188"}],"wp:attachment":[{"href":"https:\/\/fermedes4chemins.be\/index.php?rest_route=%2Fwp%2Fv2%2Fmedia&parent=120"}],"curies":[{"name":"wp","href":"https:\/\/api.w.org\/{rel}","templated":true}]}}