{"id":127,"date":"2022-08-13T16:09:44","date_gmt":"2022-08-13T14:09:44","guid":{"rendered":"https:\/\/fermedes4chemins.be\/?page_id=127"},"modified":"2022-08-13T17:12:21","modified_gmt":"2022-08-13T15:12:21","slug":"la-race-limousine","status":"publish","type":"page","link":"https:\/\/fermedes4chemins.be\/?page_id=127","title":{"rendered":"La race limousine."},"content":{"rendered":"\n<div class=\"wp-block-media-text alignwide is-stacked-on-mobile\"><figure class=\"wp-block-media-text__media\"><img loading=\"lazy\" decoding=\"async\" width=\"1024\" height=\"768\" src=\"https:\/\/fermedes4chemins.be\/wp-content\/uploads\/2022\/08\/20210813_105406-3-1024x768.jpg\" alt=\"\" class=\"wp-image-128 size-full\" srcset=\"https:\/\/fermedes4chemins.be\/wp-content\/uploads\/2022\/08\/20210813_105406-3-1024x768.jpg 1024w, https:\/\/fermedes4chemins.be\/wp-content\/uploads\/2022\/08\/20210813_105406-3-300x225.jpg 300w, https:\/\/fermedes4chemins.be\/wp-content\/uploads\/2022\/08\/20210813_105406-3-768x576.jpg 768w, https:\/\/fermedes4chemins.be\/wp-content\/uploads\/2022\/08\/20210813_105406-3-1536x1152.jpg 1536w, https:\/\/fermedes4chemins.be\/wp-content\/uploads\/2022\/08\/20210813_105406-3-2048x1536.jpg 2048w, https:\/\/fermedes4chemins.be\/wp-content\/uploads\/2022\/08\/20210813_105406-3-1160x870.jpg 1160w\" sizes=\"auto, (max-width: 1024px) 100vw, 1024px\" \/><\/figure><div class=\"wp-block-media-text__content\">\n<p>C\u2019est une race \u00e0 viande d\u2019origine fran\u00e7aise, mais particuli\u00e8rement bien adapt\u00e9e au climat de notre r\u00e9gion.<br>La s\u00e9lection a eu \u00e0 c\u0153ur d\u2019en pr\u00e9server la rusticit\u00e9, le caract\u00e8re maternel et la facilit\u00e9 de v\u00ealage.<br>Les veaux sont \u00e9lev\u00e9s sous la m\u00e8re sur de vastes \u00e9tendues de prairies. Les prairies sont naturellement riches et n\u00e9cessitent donc <strong>peu d\u2019intrants<\/strong>.<br>Ce mode d\u2019\u00e9levage <strong>extensif <\/strong>garantit donc une gestion raisonn\u00e9e et une ma\u00eetrise des facteurs n\u00e9fastes \u00e0 l\u2019environnement. La viande produite est ainsi saine et naturelle.<\/p>\n<\/div><\/div>\n\n\n\n<figure class=\"wp-block-image size-large\"><img loading=\"lazy\" decoding=\"async\" width=\"1024\" height=\"768\" src=\"https:\/\/fermedes4chemins.be\/wp-content\/uploads\/2022\/08\/20211102_121147-1024x768.jpg\" alt=\"\" class=\"wp-image-129\" srcset=\"https:\/\/fermedes4chemins.be\/wp-content\/uploads\/2022\/08\/20211102_121147-1024x768.jpg 1024w, https:\/\/fermedes4chemins.be\/wp-content\/uploads\/2022\/08\/20211102_121147-300x225.jpg 300w, https:\/\/fermedes4chemins.be\/wp-content\/uploads\/2022\/08\/20211102_121147-768x576.jpg 768w, https:\/\/fermedes4chemins.be\/wp-content\/uploads\/2022\/08\/20211102_121147-1536x1152.jpg 1536w, https:\/\/fermedes4chemins.be\/wp-content\/uploads\/2022\/08\/20211102_121147-2048x1536.jpg 2048w, https:\/\/fermedes4chemins.be\/wp-content\/uploads\/2022\/08\/20211102_121147-1160x870.jpg 1160w\" sizes=\"auto, (max-width: 1024px) 100vw, 1024px\" \/><\/figure>\n","protected":false},"excerpt":{"rendered":"<p>C\u2019est une race \u00e0 viande d\u2019origine fran\u00e7aise, mais particuli\u00e8rement bien adapt\u00e9e au climat de notre r\u00e9gion.La s\u00e9lection a eu \u00e0 c\u0153ur d\u2019en pr\u00e9server la rusticit\u00e9, le caract\u00e8re maternel et la facilit\u00e9 de v\u00ealage.Les veaux sont \u00e9lev\u00e9s sous la m\u00e8re sur de vastes \u00e9tendues de prairies. Les prairies sont naturellement riches et n\u00e9cessitent donc peu d\u2019intrants.Ce mode d\u2019\u00e9levage extensif garantit donc une gestion raisonn\u00e9e et une ma\u00eetrise des facteurs n\u00e9fastes \u00e0 l\u2019environnement. La viande produite est ainsi saine et naturelle.<\/p>\n","protected":false},"author":1,"featured_media":0,"parent":0,"menu_order":0,"comment_status":"closed","ping_status":"closed","template":"","meta":{"footnotes":""},"class_list":["post-127","page","type-page","status-publish","hentry"],"acf":[],"_links":{"self":[{"href":"https:\/\/fermedes4chemins.be\/index.php?rest_route=\/wp\/v2\/pages\/127","targetHints":{"allow":["GET"]}}],"collection":[{"href":"https:\/\/fermedes4chemins.be\/index.php?rest_route=\/wp\/v2\/pages"}],"about":[{"href":"https:\/\/fermedes4chemins.be\/index.php?rest_route=\/wp\/v2\/types\/page"}],"author":[{"embeddable":true,"href":"https:\/\/fermedes4chemins.be\/index.php?rest_route=\/wp\/v2\/users\/1"}],"replies":[{"embeddable":true,"href":"https:\/\/fermedes4chemins.be\/index.php?rest_route=%2Fwp%2Fv2%2Fcomments&post=127"}],"version-history":[{"count":3,"href":"https:\/\/fermedes4chemins.be\/index.php?rest_route=\/wp\/v2\/pages\/127\/revisions"}],"predecessor-version":[{"id":155,"href":"https:\/\/fermedes4chemins.be\/index.php?rest_route=\/wp\/v2\/pages\/127\/revisions\/155"}],"wp:attachment":[{"href":"https:\/\/fermedes4chemins.be\/index.php?rest_route=%2Fwp%2Fv2%2Fmedia&parent=127"}],"curies":[{"name":"wp","href":"https:\/\/api.w.org\/{rel}","templated":true}]}}