{"id":134,"date":"2022-08-13T16:15:56","date_gmt":"2022-08-13T14:15:56","guid":{"rendered":"https:\/\/fermedes4chemins.be\/?page_id=134"},"modified":"2022-08-13T16:15:57","modified_gmt":"2022-08-13T14:15:57","slug":"les-chevaux-de-trait","status":"publish","type":"page","link":"https:\/\/fermedes4chemins.be\/?page_id=134","title":{"rendered":"Les chevaux de trait."},"content":{"rendered":"\n<div class=\"wp-block-media-text alignwide is-stacked-on-mobile\"><figure class=\"wp-block-media-text__media\"><img loading=\"lazy\" decoding=\"async\" width=\"1024\" height=\"768\" src=\"https:\/\/fermedes4chemins.be\/wp-content\/uploads\/2022\/08\/PB030834-1024x768.jpg\" alt=\"\" class=\"wp-image-135 size-full\" srcset=\"https:\/\/fermedes4chemins.be\/wp-content\/uploads\/2022\/08\/PB030834-1024x768.jpg 1024w, https:\/\/fermedes4chemins.be\/wp-content\/uploads\/2022\/08\/PB030834-300x225.jpg 300w, https:\/\/fermedes4chemins.be\/wp-content\/uploads\/2022\/08\/PB030834-768x576.jpg 768w, https:\/\/fermedes4chemins.be\/wp-content\/uploads\/2022\/08\/PB030834-1536x1152.jpg 1536w, https:\/\/fermedes4chemins.be\/wp-content\/uploads\/2022\/08\/PB030834-2048x1536.jpg 2048w, https:\/\/fermedes4chemins.be\/wp-content\/uploads\/2022\/08\/PB030834-1160x870.jpg 1160w\" sizes=\"auto, (max-width: 1024px) 100vw, 1024px\" \/><\/figure><div class=\"wp-block-media-text__content\">\n<p>Le cheval de trait belge est une des fiert\u00e9s de notre pays. Si la m\u00e9canisation de l\u2019agriculture en a fait une race menac\u00e9e, son utilisation dans le secteur des loisirs et son retour en force dans certaines autres activit\u00e9s rurales et m\u00eame urbaines permet d\u2019esp\u00e9rer sa sauvegarde dans le futur.<br>C\u2019est une b\u00eate magnifique, noble au caract\u00e8re facile et \u00e0 la force colossale, il a donc toute sa place dans une exploitation ax\u00e9e sur la diversification.<\/p>\n<\/div><\/div>\n\n\n\n<h2 class=\"wp-block-heading\"><\/h2>\n\n\n\n<figure class=\"wp-block-image size-large\"><img loading=\"lazy\" decoding=\"async\" width=\"1024\" height=\"768\" src=\"https:\/\/fermedes4chemins.be\/wp-content\/uploads\/2022\/08\/IMG_0388-1024x768.jpg\" alt=\"\" class=\"wp-image-136\" srcset=\"https:\/\/fermedes4chemins.be\/wp-content\/uploads\/2022\/08\/IMG_0388-1024x768.jpg 1024w, https:\/\/fermedes4chemins.be\/wp-content\/uploads\/2022\/08\/IMG_0388-300x225.jpg 300w, https:\/\/fermedes4chemins.be\/wp-content\/uploads\/2022\/08\/IMG_0388-768x576.jpg 768w, https:\/\/fermedes4chemins.be\/wp-content\/uploads\/2022\/08\/IMG_0388-1536x1152.jpg 1536w, https:\/\/fermedes4chemins.be\/wp-content\/uploads\/2022\/08\/IMG_0388-2048x1536.jpg 2048w, https:\/\/fermedes4chemins.be\/wp-content\/uploads\/2022\/08\/IMG_0388-1160x870.jpg 1160w\" sizes=\"auto, (max-width: 1024px) 100vw, 1024px\" \/><\/figure>\n","protected":false},"excerpt":{"rendered":"<p>Le cheval de trait belge est une des fiert\u00e9s de notre pays. Si la m\u00e9canisation de l\u2019agriculture en a fait une race menac\u00e9e, son utilisation dans le secteur des loisirs et son retour en force dans certaines autres activit\u00e9s rurales et m\u00eame urbaines permet d\u2019esp\u00e9rer sa sauvegarde dans le futur.C\u2019est une b\u00eate magnifique, noble au caract\u00e8re facile et \u00e0 la force colossale, il a donc toute sa place dans une exploitation ax\u00e9e sur la diversification.<\/p>\n","protected":false},"author":1,"featured_media":0,"parent":0,"menu_order":0,"comment_status":"closed","ping_status":"closed","template":"","meta":{"footnotes":""},"class_list":["post-134","page","type-page","status-publish","hentry"],"acf":[],"_links":{"self":[{"href":"https:\/\/fermedes4chemins.be\/index.php?rest_route=\/wp\/v2\/pages\/134","targetHints":{"allow":["GET"]}}],"collection":[{"href":"https:\/\/fermedes4chemins.be\/index.php?rest_route=\/wp\/v2\/pages"}],"about":[{"href":"https:\/\/fermedes4chemins.be\/index.php?rest_route=\/wp\/v2\/types\/page"}],"author":[{"embeddable":true,"href":"https:\/\/fermedes4chemins.be\/index.php?rest_route=\/wp\/v2\/users\/1"}],"replies":[{"embeddable":true,"href":"https:\/\/fermedes4chemins.be\/index.php?rest_route=%2Fwp%2Fv2%2Fcomments&post=134"}],"version-history":[{"count":1,"href":"https:\/\/fermedes4chemins.be\/index.php?rest_route=\/wp\/v2\/pages\/134\/revisions"}],"predecessor-version":[{"id":137,"href":"https:\/\/fermedes4chemins.be\/index.php?rest_route=\/wp\/v2\/pages\/134\/revisions\/137"}],"wp:attachment":[{"href":"https:\/\/fermedes4chemins.be\/index.php?rest_route=%2Fwp%2Fv2%2Fmedia&parent=134"}],"curies":[{"name":"wp","href":"https:\/\/api.w.org\/{rel}","templated":true}]}}