{"id":138,"date":"2022-08-13T16:19:53","date_gmt":"2022-08-13T14:19:53","guid":{"rendered":"https:\/\/fermedes4chemins.be\/?page_id=138"},"modified":"2022-08-13T17:16:42","modified_gmt":"2022-08-13T15:16:42","slug":"les-chevaux-de-sport","status":"publish","type":"page","link":"https:\/\/fermedes4chemins.be\/?page_id=138","title":{"rendered":"Les chevaux de sport."},"content":{"rendered":"\n<figure class=\"wp-block-image size-large\"><img loading=\"lazy\" decoding=\"async\" width=\"1024\" height=\"768\" src=\"https:\/\/fermedes4chemins.be\/wp-content\/uploads\/2022\/08\/P7120377-1024x768.jpg\" alt=\"\" class=\"wp-image-139\" srcset=\"https:\/\/fermedes4chemins.be\/wp-content\/uploads\/2022\/08\/P7120377-1024x768.jpg 1024w, https:\/\/fermedes4chemins.be\/wp-content\/uploads\/2022\/08\/P7120377-300x225.jpg 300w, https:\/\/fermedes4chemins.be\/wp-content\/uploads\/2022\/08\/P7120377-768x576.jpg 768w, https:\/\/fermedes4chemins.be\/wp-content\/uploads\/2022\/08\/P7120377-1536x1152.jpg 1536w, https:\/\/fermedes4chemins.be\/wp-content\/uploads\/2022\/08\/P7120377-2048x1536.jpg 2048w, https:\/\/fermedes4chemins.be\/wp-content\/uploads\/2022\/08\/P7120377-1160x870.jpg 1160w\" sizes=\"auto, (max-width: 1024px) 100vw, 1024px\" \/><\/figure>\n\n\n\n<div class=\"wp-block-media-text alignwide is-stacked-on-mobile\"><figure class=\"wp-block-media-text__media\"><img loading=\"lazy\" decoding=\"async\" width=\"1024\" height=\"722\" src=\"https:\/\/fermedes4chemins.be\/wp-content\/uploads\/2022\/08\/Sans-titre-1Notre-chance-ghlin-2021-1024x722.jpg\" alt=\"\" class=\"wp-image-140 size-full\" srcset=\"https:\/\/fermedes4chemins.be\/wp-content\/uploads\/2022\/08\/Sans-titre-1Notre-chance-ghlin-2021-1024x722.jpg 1024w, https:\/\/fermedes4chemins.be\/wp-content\/uploads\/2022\/08\/Sans-titre-1Notre-chance-ghlin-2021-300x211.jpg 300w, https:\/\/fermedes4chemins.be\/wp-content\/uploads\/2022\/08\/Sans-titre-1Notre-chance-ghlin-2021-768x541.jpg 768w, https:\/\/fermedes4chemins.be\/wp-content\/uploads\/2022\/08\/Sans-titre-1Notre-chance-ghlin-2021-1536x1083.jpg 1536w, https:\/\/fermedes4chemins.be\/wp-content\/uploads\/2022\/08\/Sans-titre-1Notre-chance-ghlin-2021-2048x1444.jpg 2048w, https:\/\/fermedes4chemins.be\/wp-content\/uploads\/2022\/08\/Sans-titre-1Notre-chance-ghlin-2021-1160x818.jpg 1160w\" sizes=\"auto, (max-width: 1024px) 100vw, 1024px\" \/><\/figure><div class=\"wp-block-media-text__content\">\n<p>La Belgique, et le Hainaut en particulier, est une terre d\u2019\u00e9levage de haut niveau des chevaux de sport.<br>De tout temps mon \u00e9pouse, Mathilde Van Quickelberghe, a \u00e9t\u00e9 une passionn\u00e9e d\u2019\u00e9quitation et d\u2019\u00e9levage, c\u2019est dans cette optique que nous d\u00e9veloppons ensemble un \u00e9levage de chevaux de sport : \u00ab l\u2019\u00e9levage du Vert Pignon \u00bb. Les produits sont inscrits au studbook SbS (cheval de sport belge).<br>L\u2019orientation est franchement l\u2019obstacle.<br>L\u00e0 aussi le travail de s\u00e9lection est essentiel pour obtenir des sujets sains et performants.<br>Nous exploitons actuellement deux lign\u00e9es dans la souche basse et les efforts commencent \u00e0 payer quant aux r\u00e9sultats dans les concours d\u2019\u00e9levage.<\/p>\n\n\n\n<p><\/p>\n<\/div><\/div>\n\n\n\n<h2 class=\"wp-block-heading\"><\/h2>\n\n\n<div class=\"wp-block-image\">\n<figure class=\"aligncenter size-large\"><img loading=\"lazy\" decoding=\"async\" width=\"1024\" height=\"722\" src=\"https:\/\/fermedes4chemins.be\/wp-content\/uploads\/2022\/08\/pipette-1024x722.jpg\" alt=\"\" class=\"wp-image-141\" srcset=\"https:\/\/fermedes4chemins.be\/wp-content\/uploads\/2022\/08\/pipette-1024x722.jpg 1024w, https:\/\/fermedes4chemins.be\/wp-content\/uploads\/2022\/08\/pipette-300x211.jpg 300w, https:\/\/fermedes4chemins.be\/wp-content\/uploads\/2022\/08\/pipette-768x541.jpg 768w, https:\/\/fermedes4chemins.be\/wp-content\/uploads\/2022\/08\/pipette-1536x1083.jpg 1536w, https:\/\/fermedes4chemins.be\/wp-content\/uploads\/2022\/08\/pipette-2048x1444.jpg 2048w, https:\/\/fermedes4chemins.be\/wp-content\/uploads\/2022\/08\/pipette-1160x818.jpg 1160w\" sizes=\"auto, (max-width: 1024px) 100vw, 1024px\" \/><\/figure>\n<\/div>","protected":false},"excerpt":{"rendered":"<p>La Belgique, et le Hainaut en particulier, est une terre d\u2019\u00e9levage de haut niveau des chevaux de sport.De tout temps mon \u00e9pouse, Mathilde Van Quickelberghe, a \u00e9t\u00e9 une passionn\u00e9e d\u2019\u00e9quitation et d\u2019\u00e9levage, c\u2019est dans cette optique que nous d\u00e9veloppons ensemble un \u00e9levage de chevaux de sport : \u00ab l\u2019\u00e9levage du Vert Pignon \u00bb. Les produits sont inscrits au studbook SbS (cheval de sport belge).L\u2019orientation est franchement l\u2019obstacle.L\u00e0 aussi le travail de s\u00e9lection est essentiel pour obtenir des sujets sains et performants.Nous exploitons actuellement deux lign\u00e9es dans la souche basse et les efforts commencent \u00e0 payer quant aux r\u00e9sultats dans les concours d\u2019\u00e9levage.<\/p>\n","protected":false},"author":1,"featured_media":0,"parent":0,"menu_order":0,"comment_status":"closed","ping_status":"closed","template":"","meta":{"footnotes":""},"class_list":["post-138","page","type-page","status-publish","hentry"],"acf":[],"_links":{"self":[{"href":"https:\/\/fermedes4chemins.be\/index.php?rest_route=\/wp\/v2\/pages\/138","targetHints":{"allow":["GET"]}}],"collection":[{"href":"https:\/\/fermedes4chemins.be\/index.php?rest_route=\/wp\/v2\/pages"}],"about":[{"href":"https:\/\/fermedes4chemins.be\/index.php?rest_route=\/wp\/v2\/types\/page"}],"author":[{"embeddable":true,"href":"https:\/\/fermedes4chemins.be\/index.php?rest_route=\/wp\/v2\/users\/1"}],"replies":[{"embeddable":true,"href":"https:\/\/fermedes4chemins.be\/index.php?rest_route=%2Fwp%2Fv2%2Fcomments&post=138"}],"version-history":[{"count":6,"href":"https:\/\/fermedes4chemins.be\/index.php?rest_route=\/wp\/v2\/pages\/138\/revisions"}],"predecessor-version":[{"id":162,"href":"https:\/\/fermedes4chemins.be\/index.php?rest_route=\/wp\/v2\/pages\/138\/revisions\/162"}],"wp:attachment":[{"href":"https:\/\/fermedes4chemins.be\/index.php?rest_route=%2Fwp%2Fv2%2Fmedia&parent=138"}],"curies":[{"name":"wp","href":"https:\/\/api.w.org\/{rel}","templated":true}]}}