{"id":149,"date":"2022-08-13T16:38:15","date_gmt":"2022-08-13T14:38:15","guid":{"rendered":"https:\/\/fermedes4chemins.be\/?page_id=149"},"modified":"2025-08-16T22:21:45","modified_gmt":"2025-08-16T20:21:45","slug":"vente-de-viande","status":"publish","type":"page","link":"https:\/\/fermedes4chemins.be\/?page_id=149","title":{"rendered":"Vente de viande."},"content":{"rendered":"\n<h2 class=\"wp-block-heading\">Le choix de la race.<\/h2>\n\n\n\n<div class=\"wp-block-media-text alignwide is-stacked-on-mobile\" style=\"grid-template-columns:25% auto\"><figure class=\"wp-block-media-text__media\"><img loading=\"lazy\" decoding=\"async\" width=\"768\" height=\"1024\" src=\"https:\/\/fermedes4chemins.be\/wp-content\/uploads\/2022\/08\/PB030839-1-768x1024.jpg\" alt=\"\" class=\"wp-image-150 size-full\" srcset=\"https:\/\/fermedes4chemins.be\/wp-content\/uploads\/2022\/08\/PB030839-1-768x1024.jpg 768w, https:\/\/fermedes4chemins.be\/wp-content\/uploads\/2022\/08\/PB030839-1-225x300.jpg 225w, https:\/\/fermedes4chemins.be\/wp-content\/uploads\/2022\/08\/PB030839-1-1152x1536.jpg 1152w, https:\/\/fermedes4chemins.be\/wp-content\/uploads\/2022\/08\/PB030839-1-1536x2048.jpg 1536w, https:\/\/fermedes4chemins.be\/wp-content\/uploads\/2022\/08\/PB030839-1-1160x1547.jpg 1160w, https:\/\/fermedes4chemins.be\/wp-content\/uploads\/2022\/08\/PB030839-1-scaled.jpg 1920w\" sizes=\"auto, (max-width: 768px) 100vw, 768px\" \/><\/figure><div class=\"wp-block-media-text__content\">\n<p>J\u2019ai d\u00e9j\u00e0 mis en avant les qualit\u00e9s intrins\u00e8ques d\u2019\u00e9levage de la race limousine. <br>Sa viande en plus d\u2019\u00eatre <strong>go\u00fbteuse <\/strong>et <strong>tendre <\/strong>offre un aspect <strong>persill\u00e9 <\/strong>tr\u00e8s int\u00e9ressant. <\/p>\n\n\n\n<p>Elle est \u00e9galement <strong>peu grasse <\/strong>et offre de nombreuses possibilit\u00e9s sur le plan culinaire car elle demeure <strong>juteuse <\/strong>et <strong>savoureuse<\/strong>. <\/p>\n\n\n\n<p>Bref de quoi satisfaire les vrais amateurs.<\/p>\n<\/div><\/div>\n\n\n\n<h2 class=\"wp-block-heading\"><\/h2>\n\n\n\n<h2 class=\"wp-block-heading\">Les colis.<\/h2>\n\n\n\n<div class=\"wp-block-media-text alignwide has-media-on-the-right is-stacked-on-mobile\"><div class=\"wp-block-media-text__content\">\n<p>Les b\u00eates destin\u00e9es \u00e0 la vente directe sont conduites directement \u00e0 l\u2019abattoir par nos soins ce qui \u00e9vite le stress et garantit une meilleure qualit\u00e9 de viande. Les carcasses sont ensuite d\u00e9coup\u00e9es et conditionn\u00e9es sous vide en paquets d\u2019environ 1 kilo avec tout l\u2019\u00e9tiquetage permettant de v\u00e9rifier la tra\u00e7abilit\u00e9.<br>C\u2019est apr\u00e8s cette \u00e9tape que la viande est ramen\u00e9e dans notre chambre froide o\u00f9 nous pr\u00e9parons les colis.<\/p>\n<\/div><figure class=\"wp-block-media-text__media\"><img loading=\"lazy\" decoding=\"async\" width=\"1024\" height=\"768\" src=\"https:\/\/fermedes4chemins.be\/wp-content\/uploads\/2022\/08\/PB030832-1024x768.jpg\" alt=\"\" class=\"wp-image-151 size-full\" srcset=\"https:\/\/fermedes4chemins.be\/wp-content\/uploads\/2022\/08\/PB030832-1024x768.jpg 1024w, https:\/\/fermedes4chemins.be\/wp-content\/uploads\/2022\/08\/PB030832-300x225.jpg 300w, https:\/\/fermedes4chemins.be\/wp-content\/uploads\/2022\/08\/PB030832-768x576.jpg 768w, https:\/\/fermedes4chemins.be\/wp-content\/uploads\/2022\/08\/PB030832-1536x1152.jpg 1536w, https:\/\/fermedes4chemins.be\/wp-content\/uploads\/2022\/08\/PB030832-2048x1536.jpg 2048w, https:\/\/fermedes4chemins.be\/wp-content\/uploads\/2022\/08\/PB030832-1160x870.jpg 1160w\" sizes=\"auto, (max-width: 1024px) 100vw, 1024px\" \/><\/figure><\/div>\n\n\n\n<h2 class=\"wp-block-heading\"><\/h2>\n\n\n<p>Le consommateur compose lui-m\u00eame son panier avec <strong>une quantit\u00e9 minimale de 5 kg avec 5 produits diff\u00e9rents.<\/strong><\/p>\n<p>L\u2019\u00e9ventail propos\u00e9 est :<br \/><em><strong>Roti, steak, entrec\u00f4te, bouilli, carbonnades, am\u00e9ricain, hach\u00e9 (b\u0153uf\/porc), saucisse (b\u0153uf\/porc) et brochettes.<\/strong><\/em><br \/>Son panier compos\u00e9, le consommateur vient le chercher.<br \/>Il lui reste \u00e0 le d\u00e9guster.<\/p>\n<p>Bon app\u00e9tit !<\/p>\n\n\n<h2 class=\"wp-block-heading\">Les tarifs au kilo.<\/h2>\n\n\n\n<h2 class=\"wp-block-heading\"><strong>Nos tarifs actuels au kilo sont <\/strong>:<\/h2>\n\n\n\n<figure class=\"wp-block-table aligncenter\"><table><tbody><tr><td>R\u00f4ti<\/td><td class=\"has-text-align-center\" data-align=\"center\">22 \u20ac <\/td><\/tr><tr><td>Steak<\/td><td class=\"has-text-align-center\" data-align=\"center\">22 \u20ac<\/td><\/tr><tr><td>Entrec\u00f4te<\/td><td class=\"has-text-align-center\" data-align=\"center\">24 \u20ac<\/td><\/tr><tr><td>Bouilli<\/td><td class=\"has-text-align-center\" data-align=\"center\">12 \u20ac<\/td><\/tr><tr><td>Carbonnades<\/td><td class=\"has-text-align-center\" data-align=\"center\">14 \u20ac<\/td><\/tr><tr><td>Am\u00e9ricain<\/td><td class=\"has-text-align-center\" data-align=\"center\">14 \u20ac<\/td><\/tr><tr><td>Hach\u00e9 (b\u0153uf\/porc)<\/td><td class=\"has-text-align-center\" data-align=\"center\">10 \u20ac<\/td><\/tr><tr><td>Saucisse (b\u0153uf\/porc)<\/td><td class=\"has-text-align-center\" data-align=\"center\">11 \u20ac<\/td><\/tr><tr><td>Brochettes<\/td><td class=\"has-text-align-center\" data-align=\"center\">24 \u20ac<\/td><\/tr><tr><td>Hamburger Pur b\u0153uf<\/td><td class=\"has-text-align-center\" data-align=\"center\">14 \u20ac<\/td><\/tr><tr><td>Chipolata<\/td><td class=\"has-text-align-center\" data-align=\"center\">11 \u20ac<\/td><\/tr><\/tbody><\/table><figcaption class=\"wp-element-caption\"><br><br>Nos tarifs actuels au kilo en date du 30-03-2024<\/figcaption><\/figure>\n\n\n\n<div class=\"wp-block-media-text alignwide is-stacked-on-mobile\" style=\"grid-template-columns:72% auto\"><figure class=\"wp-block-media-text__media\"><a href=\"https:\/\/fermedes4chemins.be\/?attachment_id=169\" target=\"_blank\" rel=\"https:\/\/www.google.com\/maps\/place\/Rue+du+Vert+Pignon,+7387+Honnelles\/@50.3609066,3.7900352,15.5z\/data=!4m5!3m4!1s0x47c25ed75354f6c1:0x6137b38bfebcfb5d!8m2!3d50.3581738!4d3.799914 noopener\"><img loading=\"lazy\" decoding=\"async\" width=\"1005\" height=\"622\" src=\"https:\/\/fermedes4chemins.be\/wp-content\/uploads\/2022\/08\/situation-1.png\" alt=\"\" class=\"wp-image-169 size-full\" srcset=\"https:\/\/fermedes4chemins.be\/wp-content\/uploads\/2022\/08\/situation-1.png 1005w, https:\/\/fermedes4chemins.be\/wp-content\/uploads\/2022\/08\/situation-1-300x186.png 300w, https:\/\/fermedes4chemins.be\/wp-content\/uploads\/2022\/08\/situation-1-768x475.png 768w\" sizes=\"auto, (max-width: 1005px) 100vw, 1005px\" \/><\/a><\/figure><div class=\"wp-block-media-text__content\">\n<p>L\u2018adresse : rue du vert pignon 8 7387 Erquennes<br>Les coordonn\u00e9es t\u00e9l\u00e9phoniques : +32 (0)476 92 18 82<br>L\u2019adresse mail : <a href=\"mailto:mavanquick@skynet.be\" target=\"_blank\" rel=\"noreferrer noopener\">mavanquick@skynet.be<\/a><\/p>\n<\/div><\/div>\n","protected":false},"excerpt":{"rendered":"<p>Le choix de la race. J\u2019ai d\u00e9j\u00e0 mis en avant les qualit\u00e9s intrins\u00e8ques d\u2019\u00e9levage de la race limousine. Sa viande en plus d\u2019\u00eatre go\u00fbteuse et tendre offre un aspect persill\u00e9 tr\u00e8s int\u00e9ressant. Elle est \u00e9galement peu grasse et offre de nombreuses possibilit\u00e9s sur le plan culinaire car elle demeure juteuse et savoureuse. Bref de quoi satisfaire les vrais amateurs. Les colis. Les b\u00eates destin\u00e9es \u00e0 la vente directe sont conduites directement \u00e0 l\u2019abattoir par nos soins ce qui \u00e9vite le stress et garantit une meilleure qualit\u00e9 de viande. Les carcasses sont ensuite d\u00e9coup\u00e9es et conditionn\u00e9es sous vide en paquets d\u2019environ 1 kilo avec tout l\u2019\u00e9tiquetage permettant de v\u00e9rifier la tra\u00e7abilit\u00e9.C\u2019est apr\u00e8s cette \u00e9tape que la viande est ramen\u00e9e dans notre chambre froide o\u00f9 nous pr\u00e9parons les colis. Le consommateur compose lui-m\u00eame son panier avec une quantit\u00e9 minimale de 5 kg avec 5 produits diff\u00e9rents. L\u2019\u00e9ventail propos\u00e9 est :Roti, steak, entrec\u00f4te, bouilli, carbonnades, am\u00e9ricain, hach\u00e9 (b\u0153uf\/porc), saucisse (b\u0153uf\/porc) et brochettes.Son panier compos\u00e9, le consommateur vient le chercher.Il lui reste \u00e0 le d\u00e9guster. Bon app\u00e9tit ! Les tarifs au kilo. Nos tarifs actuels au kilo sont : R\u00f4ti 22 \u20ac Steak 22 \u20ac Entrec\u00f4te 24 \u20ac Bouilli 12 \u20ac Carbonnades 14 \u20ac Am\u00e9ricain 14 \u20ac Hach\u00e9 (b\u0153uf\/porc) 10 \u20ac Saucisse (b\u0153uf\/porc) 11 \u20ac Brochettes 24 \u20ac Hamburger Pur b\u0153uf 14 \u20ac Chipolata 11 \u20ac Nos tarifs actuels au kilo en date du 30-03-2024 L\u2018adresse : rue du vert pignon 8 7387 ErquennesLes coordonn\u00e9es t\u00e9l\u00e9phoniques : +32 (0)476 92 18 82L\u2019adresse mail : mavanquick@skynet.be<\/p>\n","protected":false},"author":1,"featured_media":0,"parent":0,"menu_order":0,"comment_status":"closed","ping_status":"closed","template":"","meta":{"footnotes":""},"class_list":["post-149","page","type-page","status-publish","hentry"],"acf":[],"_links":{"self":[{"href":"https:\/\/fermedes4chemins.be\/index.php?rest_route=\/wp\/v2\/pages\/149","targetHints":{"allow":["GET"]}}],"collection":[{"href":"https:\/\/fermedes4chemins.be\/index.php?rest_route=\/wp\/v2\/pages"}],"about":[{"href":"https:\/\/fermedes4chemins.be\/index.php?rest_route=\/wp\/v2\/types\/page"}],"author":[{"embeddable":true,"href":"https:\/\/fermedes4chemins.be\/index.php?rest_route=\/wp\/v2\/users\/1"}],"replies":[{"embeddable":true,"href":"https:\/\/fermedes4chemins.be\/index.php?rest_route=%2Fwp%2Fv2%2Fcomments&post=149"}],"version-history":[{"count":16,"href":"https:\/\/fermedes4chemins.be\/index.php?rest_route=\/wp\/v2\/pages\/149\/revisions"}],"predecessor-version":[{"id":200,"href":"https:\/\/fermedes4chemins.be\/index.php?rest_route=\/wp\/v2\/pages\/149\/revisions\/200"}],"wp:attachment":[{"href":"https:\/\/fermedes4chemins.be\/index.php?rest_route=%2Fwp%2Fv2%2Fmedia&parent=149"}],"curies":[{"name":"wp","href":"https:\/\/api.w.org\/{rel}","templated":true}]}}