{"id":2,"date":"2022-04-30T16:09:39","date_gmt":"2022-04-30T14:09:39","guid":{"rendered":"https:\/\/fermedes4chemins.be\/?page_id=2"},"modified":"2022-08-13T17:59:01","modified_gmt":"2022-08-13T15:59:01","slug":"page-d-exemple","status":"publish","type":"page","link":"https:\/\/fermedes4chemins.be\/?page_id=2","title":{"rendered":"Un peu d&rsquo;histoire."},"content":{"rendered":"\n<h3 class=\"wp-block-heading\"><\/h3>\n\n\n\n<figure class=\"wp-block-image size-large\"><img loading=\"lazy\" decoding=\"async\" width=\"1024\" height=\"622\" src=\"https:\/\/fermedes4chemins.be\/wp-content\/uploads\/2022\/08\/histoire-olivier-1024x622.jpg\" alt=\"\" class=\"wp-image-118\" srcset=\"https:\/\/fermedes4chemins.be\/wp-content\/uploads\/2022\/08\/histoire-olivier-1024x622.jpg 1024w, https:\/\/fermedes4chemins.be\/wp-content\/uploads\/2022\/08\/histoire-olivier-300x182.jpg 300w, https:\/\/fermedes4chemins.be\/wp-content\/uploads\/2022\/08\/histoire-olivier-768x467.jpg 768w, https:\/\/fermedes4chemins.be\/wp-content\/uploads\/2022\/08\/histoire-olivier-1536x933.jpg 1536w, https:\/\/fermedes4chemins.be\/wp-content\/uploads\/2022\/08\/histoire-olivier-2048x1244.jpg 2048w, https:\/\/fermedes4chemins.be\/wp-content\/uploads\/2022\/08\/histoire-olivier-1160x705.jpg 1160w\" sizes=\"auto, (max-width: 1024px) 100vw, 1024px\" \/><\/figure>\n\n\n\n<ul class=\"has-white-background-color has-background has-medium-font-size wp-block-list\"><li>Issu du monde agricole, j\u2019ai embrass\u00e9 l\u2019agriculture \u00e0 temps plein en 2010. J\u2019ai tenu \u00e0 maintenir une logique d\u2019\u00e9levage respectueuse de l\u2019environnement.<br>C\u2019est pourquoi les prairies comptent pour une bonne part dans l\u2019exploitation.<br>Mon exploitation s\u2019est construite \u00e0 partir de celles de mes parents et beaux-parents.<br>Celle-ci se situe au c\u0153ur du Parc Naturel des Hauts Pays essentiellement sur les villages de Blaugies et Erquennes.<br><\/li><\/ul>\n\n\n<div class=\"wp-block-image\">\n<figure class=\"aligncenter size-large is-resized\"><img loading=\"lazy\" decoding=\"async\" src=\"https:\/\/fermedes4chemins.be\/wp-content\/uploads\/2022\/08\/20210813_105345-1024x768.jpg\" alt=\"\" class=\"wp-image-48\" width=\"1072\" height=\"804\" srcset=\"https:\/\/fermedes4chemins.be\/wp-content\/uploads\/2022\/08\/20210813_105345-1024x768.jpg 1024w, https:\/\/fermedes4chemins.be\/wp-content\/uploads\/2022\/08\/20210813_105345-300x225.jpg 300w, https:\/\/fermedes4chemins.be\/wp-content\/uploads\/2022\/08\/20210813_105345-768x576.jpg 768w, https:\/\/fermedes4chemins.be\/wp-content\/uploads\/2022\/08\/20210813_105345-1536x1152.jpg 1536w, https:\/\/fermedes4chemins.be\/wp-content\/uploads\/2022\/08\/20210813_105345-80x60.jpg 80w, https:\/\/fermedes4chemins.be\/wp-content\/uploads\/2022\/08\/20210813_105345.jpg 1663w\" sizes=\"auto, (max-width: 1072px) 100vw, 1072px\" \/><\/figure>\n<\/div>\n\n\n<ul class=\"is-style-default has-medium-font-size wp-block-list\"><li>C\u2019est une exploitation mixte <strong>\u00e9levage extensif <\/strong>et cultures.<\/li><li>Les cultures servent en partie \u00e0 la production de l\u2019alimentation du cheptel.<br>Les colis de viande sont \u00e9labor\u00e9s avec <strong>la viande limousine,<\/strong> ce pour plusieurs raisons :  c\u2019est une viande qui allie valeur gustative et tendret\u00e9. Les vaches sont rustiques, ont un bon instinct maternel et les v\u00ealages se font, le plus souvent, de mani\u00e8re naturelle.<\/li><\/ul>\n","protected":false},"excerpt":{"rendered":"<p>Issu du monde agricole, j\u2019ai embrass\u00e9 l\u2019agriculture \u00e0 temps plein en 2010. J\u2019ai tenu \u00e0 maintenir une logique d\u2019\u00e9levage respectueuse de l\u2019environnement.C\u2019est pourquoi les prairies comptent pour une bonne part dans l\u2019exploitation.Mon exploitation s\u2019est construite \u00e0 partir de celles de mes parents et beaux-parents.Celle-ci se situe au c\u0153ur du Parc Naturel des Hauts Pays essentiellement sur les villages de Blaugies et Erquennes. C\u2019est une exploitation mixte \u00e9levage extensif et cultures. Les cultures servent en partie \u00e0 la production de l\u2019alimentation du cheptel.Les colis de viande sont \u00e9labor\u00e9s avec la viande limousine, ce pour plusieurs raisons : c\u2019est une viande qui allie valeur gustative et tendret\u00e9. Les vaches sont rustiques, ont un bon instinct maternel et les v\u00ealages se font, le plus souvent, de mani\u00e8re naturelle.<\/p>\n","protected":false},"author":1,"featured_media":0,"parent":0,"menu_order":0,"comment_status":"closed","ping_status":"open","template":"","meta":{"footnotes":""},"class_list":["post-2","page","type-page","status-publish","hentry"],"acf":[],"_links":{"self":[{"href":"https:\/\/fermedes4chemins.be\/index.php?rest_route=\/wp\/v2\/pages\/2","targetHints":{"allow":["GET"]}}],"collection":[{"href":"https:\/\/fermedes4chemins.be\/index.php?rest_route=\/wp\/v2\/pages"}],"about":[{"href":"https:\/\/fermedes4chemins.be\/index.php?rest_route=\/wp\/v2\/types\/page"}],"author":[{"embeddable":true,"href":"https:\/\/fermedes4chemins.be\/index.php?rest_route=\/wp\/v2\/users\/1"}],"replies":[{"embeddable":true,"href":"https:\/\/fermedes4chemins.be\/index.php?rest_route=%2Fwp%2Fv2%2Fcomments&post=2"}],"version-history":[{"count":21,"href":"https:\/\/fermedes4chemins.be\/index.php?rest_route=\/wp\/v2\/pages\/2\/revisions"}],"predecessor-version":[{"id":186,"href":"https:\/\/fermedes4chemins.be\/index.php?rest_route=\/wp\/v2\/pages\/2\/revisions\/186"}],"wp:attachment":[{"href":"https:\/\/fermedes4chemins.be\/index.php?rest_route=%2Fwp%2Fv2%2Fmedia&parent=2"}],"curies":[{"name":"wp","href":"https:\/\/api.w.org\/{rel}","templated":true}]}}