{"id":9,"date":"2022-04-30T16:36:25","date_gmt":"2022-04-30T14:36:25","guid":{"rendered":"https:\/\/fermedes4chemins.be\/?page_id=9"},"modified":"2022-08-13T17:51:13","modified_gmt":"2022-08-13T15:51:13","slug":"9-2","status":"publish","type":"page","link":"https:\/\/fermedes4chemins.be\/","title":{"rendered":"Accueil"},"content":{"rendered":"\n<p class=\"has-medium-font-size\"><\/p>\n\n\n\n<div class=\"wp-block-group alignfull\"><div class=\"wp-block-group__inner-container is-layout-flow wp-block-group-is-layout-flow\">\t\t<div class='wp-block-csb-content-slider-block  align' id='csbContentSlider-e3de3bc9-9' data-attributes='{&quot;cId&quot;:&quot;e3de3bc9-9&quot;,&quot;slides&quot;:[{&quot;background&quot;:{&quot;color&quot;:&quot;#00000080&quot;,&quot;type&quot;:&quot;image&quot;,&quot;gradient&quot;:&quot;linear-gradient(135deg, #4527a4, #8344c5)&quot;,&quot;image&quot;:{&quot;id&quot;:60,&quot;url&quot;:&quot;https:\\\/\\\/fermedes4chemins.be\\\/wp-content\\\/uploads\\\/2022\\\/08\\\/PB030831-logo-2-scaled.jpg&quot;,&quot;alt&quot;:&quot;&quot;,&quot;title&quot;:&quot;PB030831-logo-2&quot;},&quot;position&quot;:&quot;center center&quot;,&quot;attachment&quot;:&quot;initial&quot;,&quot;repeat&quot;:&quot;no-repeat&quot;,&quot;size&quot;:&quot;contain&quot;,&quot;overlayColor&quot;:&quot;rgba(171, 183, 194, 0)&quot;,&quot;styles&quot;:&quot;background: url(https:\\\/\\\/fermedes4chemins.be\\\/wp-content\\\/uploads\\\/2022\\\/08\\\/PB030831-logo-2-scaled.jpg); background-position: center center; background-size: contain; background-repeat: no-repeat; background-color: rgba(171, 183, 194, 0); background-blend-mode: overlay;&quot;},&quot;position&quot;:&quot;&quot;,&quot;positionHolder&quot;:&quot;center left&quot;,&quot;childPositions&quot;:[{&quot;top&quot;:48.75,&quot;left&quot;:5.8},{&quot;top&quot;:46.625,&quot;left&quot;:28.095238095238095},{&quot;top&quot;:55,&quot;left&quot;:42.26190476190476}],&quot;title&quot;:&quot;    &quot;,&quot;titleColor&quot;:&quot;#fff&quot;,&quot;description&quot;:&quot;&quot;,&quot;descColor&quot;:&quot;#fff&quot;,&quot;btnText&quot;:&quot;Button 1&quot;,&quot;btnLink&quot;:&quot;#&quot;,&quot;btnColors&quot;:{&quot;color&quot;:&quot;#ffffff&quot;,&quot;bg&quot;:&quot;#4527a4&quot;,&quot;bgType&quot;:&quot;gradient&quot;,&quot;gradient&quot;:&quot;linear-gradient(135deg, #4527a4, #8344c5)&quot;,&quot;styles&quot;:&quot;color: #ffffff; background: linear-gradient(135deg, #4527a4, #8344c5);&quot;},&quot;btnHovColors&quot;:{&quot;color&quot;:&quot;#fff&quot;,&quot;bg&quot;:&quot;#8344c5&quot;,&quot;bgType&quot;:&quot;solid&quot;,&quot;gradient&quot;:&quot;linear-gradient(135deg, #4527a4, #8344c5)&quot;,&quot;styles&quot;:&quot;color: #fff; background: #8344c5;&quot;}},{&quot;background&quot;:{&quot;color&quot;:&quot;#00000080&quot;,&quot;type&quot;:&quot;image&quot;,&quot;gradient&quot;:&quot;linear-gradient(135deg, #4527a4, #8344c5)&quot;,&quot;image&quot;:{&quot;id&quot;:67,&quot;url&quot;:&quot;https:\\\/\\\/fermedes4chemins.be\\\/wp-content\\\/uploads\\\/2022\\\/08\\\/PB030836-scaled.jpg&quot;,&quot;alt&quot;:&quot;&quot;,&quot;title&quot;:&quot;OLYMPUS DIGITAL CAMERA&quot;},&quot;position&quot;:&quot;center center&quot;,&quot;attachment&quot;:&quot;initial&quot;,&quot;repeat&quot;:&quot;no-repeat&quot;,&quot;size&quot;:&quot;contain&quot;,&quot;overlayColor&quot;:&quot;rgba(171, 183, 194, 0)&quot;,&quot;styles&quot;:&quot;background: url(https:\\\/\\\/fermedes4chemins.be\\\/wp-content\\\/uploads\\\/2022\\\/08\\\/PB030836-scaled.jpg); background-position: center center; background-size: contain; background-repeat: no-repeat; background-color: rgba(171, 183, 194, 0); background-blend-mode: overlay;&quot;},&quot;position&quot;:&quot;center left&quot;,&quot;positionHolder&quot;:&quot;center center&quot;,&quot;childPositions&quot;:[{&quot;top&quot;:34.25,&quot;left&quot;:41.785714285714285},{&quot;top&quot;:46.625,&quot;left&quot;:28.095238095238095},{&quot;top&quot;:55,&quot;left&quot;:42.26190476190476}],&quot;title&quot;:&quot;&quot;,&quot;titleColor&quot;:&quot;#fff&quot;,&quot;description&quot;:&quot;&quot;,&quot;descColor&quot;:&quot;#fff&quot;,&quot;btnText&quot;:&quot;Button 1&quot;,&quot;btnLink&quot;:&quot;#&quot;,&quot;btnColors&quot;:{&quot;color&quot;:&quot;#ffffff&quot;,&quot;bg&quot;:&quot;#4527a4&quot;,&quot;bgType&quot;:&quot;gradient&quot;,&quot;gradient&quot;:&quot;linear-gradient(135deg, #4527a4, #8344c5)&quot;,&quot;styles&quot;:&quot;color: #ffffff; background: linear-gradient(135deg, #4527a4, #8344c5);&quot;},&quot;btnHovColors&quot;:{&quot;color&quot;:&quot;#fff&quot;,&quot;bg&quot;:&quot;#8344c5&quot;,&quot;bgType&quot;:&quot;solid&quot;,&quot;gradient&quot;:&quot;linear-gradient(135deg, #4527a4, #8344c5)&quot;,&quot;styles&quot;:&quot;color: #fff; background: #8344c5;&quot;}},{&quot;background&quot;:{&quot;color&quot;:&quot;#00000080&quot;,&quot;type&quot;:&quot;image&quot;,&quot;gradient&quot;:&quot;linear-gradient(135deg, #4527a4, #8344c5)&quot;,&quot;image&quot;:{&quot;id&quot;:48,&quot;url&quot;:&quot;https:\\\/\\\/fermedes4chemins.be\\\/wp-content\\\/uploads\\\/2022\\\/08\\\/20210813_105345.jpg&quot;,&quot;alt&quot;:&quot;&quot;,&quot;title&quot;:&quot;20210813_105345&quot;},&quot;position&quot;:&quot;center center&quot;,&quot;attachment&quot;:&quot;initial&quot;,&quot;repeat&quot;:&quot;no-repeat&quot;,&quot;size&quot;:&quot;contain&quot;,&quot;overlayColor&quot;:&quot;rgba(171, 183, 194, 0)&quot;,&quot;styles&quot;:&quot;background: url(https:\\\/\\\/fermedes4chemins.be\\\/wp-content\\\/uploads\\\/2022\\\/08\\\/20210813_105345.jpg); background-position: center center; background-size: contain; background-repeat: no-repeat; background-color: rgba(171, 183, 194, 0); background-blend-mode: overlay;&quot;},&quot;position&quot;:&quot;center left&quot;,&quot;positionHolder&quot;:&quot;center center&quot;,&quot;childPositions&quot;:[{&quot;top&quot;:34.25,&quot;left&quot;:41.785714285714285},{&quot;top&quot;:46.625,&quot;left&quot;:28.095238095238095},{&quot;top&quot;:55,&quot;left&quot;:42.26190476190476}],&quot;title&quot;:&quot;&quot;,&quot;titleColor&quot;:&quot;#fff&quot;,&quot;description&quot;:&quot;&quot;,&quot;descColor&quot;:&quot;#fff&quot;,&quot;btnText&quot;:&quot;Button 1&quot;,&quot;btnLink&quot;:&quot;#&quot;,&quot;btnColors&quot;:{&quot;color&quot;:&quot;#ffffff&quot;,&quot;bg&quot;:&quot;#4527a4&quot;,&quot;bgType&quot;:&quot;gradient&quot;,&quot;gradient&quot;:&quot;linear-gradient(135deg, #4527a4, #8344c5)&quot;,&quot;styles&quot;:&quot;color: #ffffff; background: linear-gradient(135deg, #4527a4, #8344c5);&quot;},&quot;btnHovColors&quot;:{&quot;color&quot;:&quot;#fff&quot;,&quot;bg&quot;:&quot;#8344c5&quot;,&quot;bgType&quot;:&quot;solid&quot;,&quot;gradient&quot;:&quot;linear-gradient(135deg, #4527a4, #8344c5)&quot;,&quot;styles&quot;:&quot;color: #fff; background: #8344c5;&quot;}},{&quot;background&quot;:{&quot;color&quot;:&quot;#00000080&quot;,&quot;type&quot;:&quot;image&quot;,&quot;gradient&quot;:&quot;linear-gradient(135deg, #4527a4, #8344c5)&quot;,&quot;image&quot;:{&quot;id&quot;:10,&quot;url&quot;:&quot;https:\\\/\\\/fermedes4chemins.be\\\/wp-content\\\/uploads\\\/2022\\\/04\\\/20210813_104234-rotated.jpg&quot;,&quot;alt&quot;:&quot;&quot;,&quot;title&quot;:&quot;20210813_104234&quot;},&quot;position&quot;:&quot;center center&quot;,&quot;attachment&quot;:&quot;initial&quot;,&quot;repeat&quot;:&quot;no-repeat&quot;,&quot;size&quot;:&quot;contain&quot;,&quot;overlayColor&quot;:&quot;rgba(171, 183, 194, 0)&quot;,&quot;styles&quot;:&quot;background: url(https:\\\/\\\/fermedes4chemins.be\\\/wp-content\\\/uploads\\\/2022\\\/04\\\/20210813_104234-rotated.jpg); background-position: center center; background-size: contain; background-repeat: no-repeat; background-color: rgba(171, 183, 194, 0); background-blend-mode: overlay;&quot;},&quot;position&quot;:&quot;center left&quot;,&quot;positionHolder&quot;:&quot;center center&quot;,&quot;childPositions&quot;:[{&quot;top&quot;:34.25,&quot;left&quot;:41.785714285714285},{&quot;top&quot;:46.625,&quot;left&quot;:28.095238095238095},{&quot;top&quot;:55,&quot;left&quot;:42.26190476190476}],&quot;title&quot;:&quot;&quot;,&quot;titleColor&quot;:&quot;#fff&quot;,&quot;description&quot;:&quot;&quot;,&quot;descColor&quot;:&quot;#fff&quot;,&quot;btnText&quot;:&quot;Button 1&quot;,&quot;btnLink&quot;:&quot;#&quot;,&quot;btnColors&quot;:{&quot;color&quot;:&quot;#ffffff&quot;,&quot;bg&quot;:&quot;#4527a4&quot;,&quot;bgType&quot;:&quot;gradient&quot;,&quot;gradient&quot;:&quot;linear-gradient(135deg, #4527a4, #8344c5)&quot;,&quot;styles&quot;:&quot;color: #ffffff; background: linear-gradient(135deg, #4527a4, #8344c5);&quot;},&quot;btnHovColors&quot;:{&quot;color&quot;:&quot;#fff&quot;,&quot;bg&quot;:&quot;#8344c5&quot;,&quot;bgType&quot;:&quot;solid&quot;,&quot;gradient&quot;:&quot;linear-gradient(135deg, #4527a4, #8344c5)&quot;,&quot;styles&quot;:&quot;color: #fff; background: #8344c5;&quot;}}],&quot;columnGap&quot;:0,&quot;sliderHeight&quot;:&quot;800px&quot;,&quot;speed&quot;:3.35,&quot;effect&quot;:&quot;fade&quot;,&quot;pageBorder&quot;:{&quot;radius&quot;:&quot;50%&quot;,&quot;width&quot;:&quot;0px&quot;,&quot;style&quot;:&quot;solid&quot;,&quot;color&quot;:&quot;#0000&quot;,&quot;side&quot;:&quot;all&quot;,&quot;styles&quot;:&quot;border-radius: 50%;&quot;},&quot;titleTypo&quot;:{&quot;fontSize&quot;:25,&quot;styles&quot;:&quot;font-size: 25px; line-height: 135%;&quot;,&quot;googleFontLink&quot;:&quot;&quot;},&quot;descTypo&quot;:{&quot;fontSize&quot;:15,&quot;styles&quot;:&quot;font-size: 15px; line-height: 135%;&quot;,&quot;googleFontLink&quot;:&quot;&quot;},&quot;isBtn&quot;:false,&quot;btnTypo&quot;:{&quot;fontSize&quot;:16,&quot;styles&quot;:&quot;font-size: 16px; line-height: 135%;&quot;,&quot;googleFontLink&quot;:&quot;&quot;},&quot;btnPadding&quot;:{&quot;vertical&quot;:&quot;12px&quot;,&quot;horizontal&quot;:&quot;35px&quot;,&quot;side&quot;:2,&quot;top&quot;:&quot;0px&quot;,&quot;right&quot;:&quot;0px&quot;,&quot;bottom&quot;:&quot;0px&quot;,&quot;left&quot;:&quot;0px&quot;,&quot;styles&quot;:&quot;12px 35px&quot;},&quot;btnBorder&quot;:{&quot;radius&quot;:&quot;3px&quot;,&quot;width&quot;:&quot;0px&quot;,&quot;style&quot;:&quot;solid&quot;,&quot;color&quot;:&quot;#0000&quot;,&quot;side&quot;:&quot;all&quot;,&quot;styles&quot;:&quot;border-radius: 3px;&quot;},&quot;align&quot;:&quot;&quot;,&quot;columns&quot;:{&quot;desktop&quot;:1,&quot;tablet&quot;:1,&quot;mobile&quot;:1},&quot;sliderWidth&quot;:&quot;100%&quot;,&quot;sliderAlign&quot;:&quot;center&quot;,&quot;isLoop&quot;:true,&quot;isTouchMove&quot;:true,&quot;isAutoplay&quot;:true,&quot;isPage&quot;:true,&quot;isPageClickable&quot;:true,&quot;isPageDynamic&quot;:true,&quot;isPrevNext&quot;:true,&quot;pageColor&quot;:&quot;#fff&quot;,&quot;pageWidth&quot;:&quot;15px&quot;,&quot;pageHeight&quot;:&quot;15px&quot;,&quot;prevNextColor&quot;:&quot;#fff&quot;,&quot;isTitle&quot;:true,&quot;titleColor&quot;:&quot;&quot;,&quot;isDesc&quot;:true,&quot;descColor&quot;:&quot;&quot;,&quot;linkTarget&quot;:&quot;_blank&quot;,&quot;btnColors&quot;:&quot;&quot;,&quot;btnHovColors&quot;:&quot;&quot;}'>\n\t\t\t<div class='csbContentSliderStyle'><\/div>\n\n\t\t\t<div class='csbSliderWrapper'><\/div>\n\t\t<\/div>\n\n\t\t<\/div><\/div>\n\n\n\n<h2 class=\"has-text-align-center wp-block-heading\">Le circuit court, piste d\u2019avenir pour la s\u00e9curit\u00e9 et la qualit\u00e9.<\/h2>\n","protected":false},"excerpt":{"rendered":"<p>Le circuit court, piste d\u2019avenir pour la s\u00e9curit\u00e9 et la qualit\u00e9.<\/p>\n","protected":false},"author":1,"featured_media":0,"parent":0,"menu_order":0,"comment_status":"closed","ping_status":"closed","template":"","meta":{"footnotes":""},"class_list":["post-9","page","type-page","status-publish","hentry"],"acf":[],"_links":{"self":[{"href":"https:\/\/fermedes4chemins.be\/index.php?rest_route=\/wp\/v2\/pages\/9","targetHints":{"allow":["GET"]}}],"collection":[{"href":"https:\/\/fermedes4chemins.be\/index.php?rest_route=\/wp\/v2\/pages"}],"about":[{"href":"https:\/\/fermedes4chemins.be\/index.php?rest_route=\/wp\/v2\/types\/page"}],"author":[{"embeddable":true,"href":"https:\/\/fermedes4chemins.be\/index.php?rest_route=\/wp\/v2\/users\/1"}],"replies":[{"embeddable":true,"href":"https:\/\/fermedes4chemins.be\/index.php?rest_route=%2Fwp%2Fv2%2Fcomments&post=9"}],"version-history":[{"count":22,"href":"https:\/\/fermedes4chemins.be\/index.php?rest_route=\/wp\/v2\/pages\/9\/revisions"}],"predecessor-version":[{"id":180,"href":"https:\/\/fermedes4chemins.be\/index.php?rest_route=\/wp\/v2\/pages\/9\/revisions\/180"}],"wp:attachment":[{"href":"https:\/\/fermedes4chemins.be\/index.php?rest_route=%2Fwp%2Fv2%2Fmedia&parent=9"}],"curies":[{"name":"wp","href":"https:\/\/api.w.org\/{rel}","templated":true}]}}